{"id":1476,"date":"2018-04-25T00:42:52","date_gmt":"2018-04-24T22:42:52","guid":{"rendered":"https:\/\/pillot-mellecey.com\/produit\/bourgogne-rouge-pinot-noir\/"},"modified":"2025-11-18T15:19:48","modified_gmt":"2025-11-18T14:19:48","slug":"bourgogne-pinot-noir-la-piece-carree-en","status":"publish","type":"product","link":"https:\/\/pillot-mellecey.com\/en\/produit\/bourgogne-pinot-noir-la-piece-carree-en\/","title":{"rendered":"Bourgogne Pinot Noir &#8220;La Pi\u00e8ce Carr\u00e9e&#8221;"},"content":{"rendered":"","protected":false},"excerpt":{"rendered":"<h1>Bourgogne Pinot Noir<br \/>\n&#8220;La Pi\u00e8ce Carr\u00e9e&#8221;<br \/>\n2024<\/h1>\n<p>&nbsp;<\/p>\n<p class=\"p1\"><span class=\"s1\"><b>Village<\/b>\u00a0: Mellecey<\/span><span class=\"s2\"><br \/>\n<\/span><span class=\"s1\"><b>Appellation<\/b>\u00a0: Regional<\/span><span class=\"s2\"><br \/>\n<\/span><span class=\"s1\"><b>Location\u00a0<\/b>: <\/span><span class=\"s2\">Pi\u00e8ce Carr\u00e9e<br \/>\n<\/span><span class=\"s1\"><b>Color<\/b>\u00a0: Red<\/span><span class=\"s2\"><br \/>\n<\/span><span class=\"s1\"><b>C\u00e9page<\/b>\u00a0: Pinot Noir<\/span><span class=\"s2\"><br \/>\n<\/span><span class=\"s1\"><b>Area<\/b> : 1ha Parcel &#8220;La Pi\u00e8ce Carr\u00e9e&#8221;<\/span><span class=\"s2\"><br \/>\n<\/span><span class=\"s1\"><b>Production <\/b>: 5000 bottles<\/span><span class=\"s2\"><br \/>\n<\/span><span class=\"s1\"><b>Exposure<\/b>\u00a0: South East<\/span><span class=\"s2\"><br \/>\n<\/span><span class=\"s1\"><b>Year planted<\/b> : 1972 to 2018<\/span><span class=\"s2\"><br \/>\n<\/span><span class=\"s1\"><b>Type of pruning <\/b>: Single Cane<\/span><span class=\"s2\"><br \/>\n<\/span><span class=\"s1\"><b>Type of soil\u00a0<\/b>: <\/span><span class=\"s2\">Clay-Limestone, typical ferralitic veins of this parcel<br \/>\n<\/span><span class=\"s1\"><b>Harvest<\/b>\u00a0: Manual<\/span><span class=\"s2\"><br \/>\n<\/span><span class=\"s1\"><b>Elevage<\/b>\u00a0: 10 month in a vat<\/span><span class=\"s2\"><br \/>\n<\/span><span class=\"s1\"><b>Worth keeping\u00a0<\/b>: 7\/8 years<\/span><span class=\"s2\"><br \/>\n<\/span><span class=\"s1\"><b>Wine features<\/b> : Under the brilliant ruby appearance, this selection of red Burgundy parcels reveals intense notes of small red fruits topped with a typical touch of licorice. The fruit bursts in a greedy mouth where the tannins are revealed with finesse, a pure pleasure to taste !<\/span><span class=\"s2\"><br \/>\n<\/span><span class=\"s1\"><b>Wine and food pairing<\/b>\u00a0: <\/span><span class=\"s2\">To be served with grilled pork ribs and a red fruit tart<\/span><\/p>\n","protected":false},"featured_media":1984,"template":"","meta":{"_exactmetrics_skip_tracking":false,"_exactmetrics_sitenote_active":false,"_exactmetrics_sitenote_note":"","_exactmetrics_sitenote_category":0},"product_brand":[],"product_cat":[53],"product_tag":[49],"class_list":{"0":"post-1476","1":"product","2":"type-product","3":"status-publish","4":"has-post-thumbnail","6":"product_cat-vin-rouge-en","7":"product_tag-cote-chalonnaise-en","8":"product_shipping_class-bouteilles-en","9":"pa_categorie-rouge-en","11":"first","12":"instock","13":"taxable","14":"shipping-taxable","15":"product-type-simple"},"yoast_head":"<!-- This site is optimized with the Yoast SEO plugin v26.6 - https:\/\/yoast.com\/wordpress\/plugins\/seo\/ -->\n<title>Bourgogne Pinot Noir &quot;La Pi\u00e8ce Carr\u00e9e&quot; - Domaine Pillot Romain &amp; Simon \u00e0 Mellecey<\/title>\n<meta name=\"robots\" content=\"index, follow, max-snippet:-1, max-image-preview:large, max-video-preview:-1\" \/>\n<link rel=\"canonical\" href=\"https:\/\/pillot-mellecey.com\/en\/produit\/bourgogne-pinot-noir-la-piece-carree-en\/\" \/>\n<meta property=\"og:locale\" content=\"en_US\" \/>\n<meta property=\"og:type\" content=\"article\" \/>\n<meta property=\"og:title\" content=\"Bourgogne Pinot Noir &quot;La Pi\u00e8ce Carr\u00e9e&quot; - Domaine Pillot Romain &amp; Simon \u00e0 Mellecey\" \/>\n<meta property=\"og:description\" content=\"Bourgogne Pinot Noir &quot;La Pi\u00e8ce Carr\u00e9e&quot; 2024 &nbsp; Village\u00a0: Mellecey Appellation\u00a0: Regional Location\u00a0: Pi\u00e8ce Carr\u00e9e Color\u00a0: Red C\u00e9page\u00a0: Pinot Noir Area : 1ha Parcel &quot;La Pi\u00e8ce Carr\u00e9e&quot; Production : 5000 bottles Exposure\u00a0: South East Year planted : 1972 to 2018 Type of pruning : Single Cane Type of soil\u00a0: Clay-Limestone, typical ferralitic veins of this parcel Harvest\u00a0: Manual Elevage\u00a0: 10 month in a vat Worth keeping\u00a0: 7\/8 years Wine features : Under the brilliant ruby appearance, this selection of red Burgundy parcels reveals intense notes of small red fruits topped with a typical touch of licorice. The fruit bursts in a greedy mouth where the tannins are revealed with finesse, a pure pleasure to taste ! Wine and food pairing\u00a0: To be served with grilled pork ribs and a red fruit tart\" \/>\n<meta property=\"og:url\" content=\"https:\/\/pillot-mellecey.com\/en\/produit\/bourgogne-pinot-noir-la-piece-carree-en\/\" \/>\n<meta property=\"og:site_name\" content=\"Domaine Pillot Romain &amp; Simon \u00e0 Mellecey\" \/>\n<meta property=\"article:modified_time\" content=\"2025-11-18T14:19:48+00:00\" \/>\n<meta property=\"og:image\" content=\"https:\/\/pillot-mellecey.com\/wp-content\/uploads\/2018\/04\/PILLOT-bourgogne-la-piece-carree.png\" \/>\n\t<meta property=\"og:image:width\" content=\"992\" \/>\n\t<meta property=\"og:image:height\" content=\"1488\" \/>\n\t<meta property=\"og:image:type\" content=\"image\/png\" \/>\n<meta name=\"twitter:card\" content=\"summary_large_image\" \/>\n<meta name=\"twitter:label1\" content=\"Est. reading time\" \/>\n\t<meta name=\"twitter:data1\" content=\"1 minute\" \/>\n<script type=\"application\/ld+json\" class=\"yoast-schema-graph\">{\"@context\":\"https:\/\/schema.org\",\"@graph\":[{\"@type\":\"WebPage\",\"@id\":\"https:\/\/pillot-mellecey.com\/en\/produit\/bourgogne-pinot-noir-la-piece-carree-en\/\",\"url\":\"https:\/\/pillot-mellecey.com\/en\/produit\/bourgogne-pinot-noir-la-piece-carree-en\/\",\"name\":\"Bourgogne Pinot Noir \\\"La Pi\u00e8ce Carr\u00e9e\\\" - Domaine Pillot Romain &amp; Simon \u00e0 Mellecey\",\"isPartOf\":{\"@id\":\"https:\/\/pillot-mellecey.com\/#website\"},\"primaryImageOfPage\":{\"@id\":\"https:\/\/pillot-mellecey.com\/en\/produit\/bourgogne-pinot-noir-la-piece-carree-en\/#primaryimage\"},\"image\":{\"@id\":\"https:\/\/pillot-mellecey.com\/en\/produit\/bourgogne-pinot-noir-la-piece-carree-en\/#primaryimage\"},\"thumbnailUrl\":\"https:\/\/pillot-mellecey.com\/wp-content\/uploads\/2018\/04\/PILLOT-bourgogne-la-piece-carree.png\",\"datePublished\":\"2018-04-24T22:42:52+00:00\",\"dateModified\":\"2025-11-18T14:19:48+00:00\",\"breadcrumb\":{\"@id\":\"https:\/\/pillot-mellecey.com\/en\/produit\/bourgogne-pinot-noir-la-piece-carree-en\/#breadcrumb\"},\"inLanguage\":\"en-US\",\"potentialAction\":[{\"@type\":\"ReadAction\",\"target\":[\"https:\/\/pillot-mellecey.com\/en\/produit\/bourgogne-pinot-noir-la-piece-carree-en\/\"]}]},{\"@type\":\"ImageObject\",\"inLanguage\":\"en-US\",\"@id\":\"https:\/\/pillot-mellecey.com\/en\/produit\/bourgogne-pinot-noir-la-piece-carree-en\/#primaryimage\",\"url\":\"https:\/\/pillot-mellecey.com\/wp-content\/uploads\/2018\/04\/PILLOT-bourgogne-la-piece-carree.png\",\"contentUrl\":\"https:\/\/pillot-mellecey.com\/wp-content\/uploads\/2018\/04\/PILLOT-bourgogne-la-piece-carree.png\",\"width\":992,\"height\":1488},{\"@type\":\"BreadcrumbList\",\"@id\":\"https:\/\/pillot-mellecey.com\/en\/produit\/bourgogne-pinot-noir-la-piece-carree-en\/#breadcrumb\",\"itemListElement\":[{\"@type\":\"ListItem\",\"position\":1,\"name\":\"Accueil\",\"item\":\"https:\/\/pillot-mellecey.com\/en\/\"},{\"@type\":\"ListItem\",\"position\":2,\"name\":\"Produits\",\"item\":\"https:\/\/pillot-mellecey.com\/shop\/\"},{\"@type\":\"ListItem\",\"position\":3,\"name\":\"Bourgogne Pinot Noir \u00ab\u00a0La Pi\u00e8ce Carr\u00e9e\u00a0\u00bb\"}]},{\"@type\":\"WebSite\",\"@id\":\"https:\/\/pillot-mellecey.com\/#website\",\"url\":\"https:\/\/pillot-mellecey.com\/\",\"name\":\"Domaine Pillot Romain &amp; Simon \u00e0 Mellecey\",\"description\":\"Mercurey 1er Cru, Mercurey, C\u00f4te Chalonnaise\",\"potentialAction\":[{\"@type\":\"SearchAction\",\"target\":{\"@type\":\"EntryPoint\",\"urlTemplate\":\"https:\/\/pillot-mellecey.com\/?s={search_term_string}\"},\"query-input\":{\"@type\":\"PropertyValueSpecification\",\"valueRequired\":true,\"valueName\":\"search_term_string\"}}],\"inLanguage\":\"en-US\"}]}<\/script>\n<!-- \/ Yoast SEO plugin. -->","yoast_head_json":{"title":"Bourgogne Pinot Noir \"La Pi\u00e8ce Carr\u00e9e\" - Domaine Pillot Romain &amp; Simon \u00e0 Mellecey","robots":{"index":"index","follow":"follow","max-snippet":"max-snippet:-1","max-image-preview":"max-image-preview:large","max-video-preview":"max-video-preview:-1"},"canonical":"https:\/\/pillot-mellecey.com\/en\/produit\/bourgogne-pinot-noir-la-piece-carree-en\/","og_locale":"en_US","og_type":"article","og_title":"Bourgogne Pinot Noir \"La Pi\u00e8ce Carr\u00e9e\" - Domaine Pillot Romain &amp; Simon \u00e0 Mellecey","og_description":"Bourgogne Pinot Noir \"La Pi\u00e8ce Carr\u00e9e\" 2024 &nbsp; Village\u00a0: Mellecey Appellation\u00a0: Regional Location\u00a0: Pi\u00e8ce Carr\u00e9e Color\u00a0: Red C\u00e9page\u00a0: Pinot Noir Area : 1ha Parcel \"La Pi\u00e8ce Carr\u00e9e\" Production : 5000 bottles Exposure\u00a0: South East Year planted : 1972 to 2018 Type of pruning : Single Cane Type of soil\u00a0: Clay-Limestone, typical ferralitic veins of this parcel Harvest\u00a0: Manual Elevage\u00a0: 10 month in a vat Worth keeping\u00a0: 7\/8 years Wine features : Under the brilliant ruby appearance, this selection of red Burgundy parcels reveals intense notes of small red fruits topped with a typical touch of licorice. The fruit bursts in a greedy mouth where the tannins are revealed with finesse, a pure pleasure to taste ! Wine and food pairing\u00a0: To be served with grilled pork ribs and a red fruit tart","og_url":"https:\/\/pillot-mellecey.com\/en\/produit\/bourgogne-pinot-noir-la-piece-carree-en\/","og_site_name":"Domaine Pillot Romain &amp; Simon \u00e0 Mellecey","article_modified_time":"2025-11-18T14:19:48+00:00","og_image":[{"width":992,"height":1488,"url":"https:\/\/pillot-mellecey.com\/wp-content\/uploads\/2018\/04\/PILLOT-bourgogne-la-piece-carree.png","type":"image\/png"}],"twitter_card":"summary_large_image","twitter_misc":{"Est. reading time":"1 minute"},"schema":{"@context":"https:\/\/schema.org","@graph":[{"@type":"WebPage","@id":"https:\/\/pillot-mellecey.com\/en\/produit\/bourgogne-pinot-noir-la-piece-carree-en\/","url":"https:\/\/pillot-mellecey.com\/en\/produit\/bourgogne-pinot-noir-la-piece-carree-en\/","name":"Bourgogne Pinot Noir \"La Pi\u00e8ce Carr\u00e9e\" - Domaine Pillot Romain &amp; Simon \u00e0 Mellecey","isPartOf":{"@id":"https:\/\/pillot-mellecey.com\/#website"},"primaryImageOfPage":{"@id":"https:\/\/pillot-mellecey.com\/en\/produit\/bourgogne-pinot-noir-la-piece-carree-en\/#primaryimage"},"image":{"@id":"https:\/\/pillot-mellecey.com\/en\/produit\/bourgogne-pinot-noir-la-piece-carree-en\/#primaryimage"},"thumbnailUrl":"https:\/\/pillot-mellecey.com\/wp-content\/uploads\/2018\/04\/PILLOT-bourgogne-la-piece-carree.png","datePublished":"2018-04-24T22:42:52+00:00","dateModified":"2025-11-18T14:19:48+00:00","breadcrumb":{"@id":"https:\/\/pillot-mellecey.com\/en\/produit\/bourgogne-pinot-noir-la-piece-carree-en\/#breadcrumb"},"inLanguage":"en-US","potentialAction":[{"@type":"ReadAction","target":["https:\/\/pillot-mellecey.com\/en\/produit\/bourgogne-pinot-noir-la-piece-carree-en\/"]}]},{"@type":"ImageObject","inLanguage":"en-US","@id":"https:\/\/pillot-mellecey.com\/en\/produit\/bourgogne-pinot-noir-la-piece-carree-en\/#primaryimage","url":"https:\/\/pillot-mellecey.com\/wp-content\/uploads\/2018\/04\/PILLOT-bourgogne-la-piece-carree.png","contentUrl":"https:\/\/pillot-mellecey.com\/wp-content\/uploads\/2018\/04\/PILLOT-bourgogne-la-piece-carree.png","width":992,"height":1488},{"@type":"BreadcrumbList","@id":"https:\/\/pillot-mellecey.com\/en\/produit\/bourgogne-pinot-noir-la-piece-carree-en\/#breadcrumb","itemListElement":[{"@type":"ListItem","position":1,"name":"Accueil","item":"https:\/\/pillot-mellecey.com\/en\/"},{"@type":"ListItem","position":2,"name":"Produits","item":"https:\/\/pillot-mellecey.com\/shop\/"},{"@type":"ListItem","position":3,"name":"Bourgogne Pinot Noir \u00ab\u00a0La Pi\u00e8ce Carr\u00e9e\u00a0\u00bb"}]},{"@type":"WebSite","@id":"https:\/\/pillot-mellecey.com\/#website","url":"https:\/\/pillot-mellecey.com\/","name":"Domaine Pillot Romain &amp; Simon \u00e0 Mellecey","description":"Mercurey 1er Cru, Mercurey, C\u00f4te Chalonnaise","potentialAction":[{"@type":"SearchAction","target":{"@type":"EntryPoint","urlTemplate":"https:\/\/pillot-mellecey.com\/?s={search_term_string}"},"query-input":{"@type":"PropertyValueSpecification","valueRequired":true,"valueName":"search_term_string"}}],"inLanguage":"en-US"}]}},"_links":{"self":[{"href":"https:\/\/pillot-mellecey.com\/en\/wp-json\/wp\/v2\/product\/1476","targetHints":{"allow":["GET"]}}],"collection":[{"href":"https:\/\/pillot-mellecey.com\/en\/wp-json\/wp\/v2\/product"}],"about":[{"href":"https:\/\/pillot-mellecey.com\/en\/wp-json\/wp\/v2\/types\/product"}],"wp:featuredmedia":[{"embeddable":true,"href":"https:\/\/pillot-mellecey.com\/en\/wp-json\/wp\/v2\/media\/1984"}],"wp:attachment":[{"href":"https:\/\/pillot-mellecey.com\/en\/wp-json\/wp\/v2\/media?parent=1476"}],"wp:term":[{"taxonomy":"product_brand","embeddable":true,"href":"https:\/\/pillot-mellecey.com\/en\/wp-json\/wp\/v2\/product_brand?post=1476"},{"taxonomy":"product_cat","embeddable":true,"href":"https:\/\/pillot-mellecey.com\/en\/wp-json\/wp\/v2\/product_cat?post=1476"},{"taxonomy":"product_tag","embeddable":true,"href":"https:\/\/pillot-mellecey.com\/en\/wp-json\/wp\/v2\/product_tag?post=1476"}],"curies":[{"name":"wp","href":"https:\/\/api.w.org\/{rel}","templated":true}]}}